{"id":182,"date":"2026-01-28T10:42:55","date_gmt":"2026-01-28T10:42:55","guid":{"rendered":"https:\/\/pessicspastisseria.com\/?page_id=182"},"modified":"2026-01-28T10:47:44","modified_gmt":"2026-01-28T10:47:44","slug":"legal","status":"publish","type":"page","link":"https:\/\/pessicspastisseria.com\/es\/legal\/","title":{"rendered":"legal"},"content":{"rendered":"<p>[et_pb_section fb_built=&#8221;1&#8243; _builder_version=&#8221;4.27.4&#8243; _module_preset=&#8221;default&#8221; global_colors_info=&#8221;{}&#8221;][et_pb_row _builder_version=&#8221;4.27.4&#8243; _module_preset=&#8221;default&#8221; global_colors_info=&#8221;{}&#8221;][et_pb_column type=&#8221;4_4&#8243; _builder_version=&#8221;4.27.4&#8243; _module_preset=&#8221;default&#8221; global_colors_info=&#8221;{}&#8221;][et_pb_text _builder_version=&#8221;4.27.4&#8243; _module_preset=&#8221;default&#8221; global_colors_info=&#8221;{}&#8221;]<\/p>\n<blockquote data-path-to-node=\"3\">\n<p data-path-to-node=\"3,0\"><b data-path-to-node=\"3,0\" data-index-in-node=\"0\">AVISO LEGAL<\/b><\/p>\n<p data-path-to-node=\"3,1\">En cumplimiento con el deber de informaci\u00f3n dispuesto en la Ley 34\/2002 de Servicios de la Sociedad de la Informaci\u00f3n y el Comercio Electr\u00f3nico (LSSI-CE), se facilitan los siguientes datos de informaci\u00f3n general de este sitio web:<\/p>\n<ul data-path-to-node=\"3,2\">\n<li>\n<p data-path-to-node=\"3,2,0,0\"><b data-path-to-node=\"3,2,0,0\" data-index-in-node=\"0\">Titular:<\/b> LLUNA REVERTE PALANSI<\/p>\n<\/li>\n<li>\n<p data-path-to-node=\"3,2,1,0\"><b data-path-to-node=\"3,2,1,0\" data-index-in-node=\"0\">NIF:<\/b> 47855766B<\/p>\n<\/li>\n<li>\n<p data-path-to-node=\"3,2,2,0\"><b data-path-to-node=\"3,2,2,0\" data-index-in-node=\"0\">Domicilio:<\/b> Av. del Dr. Ferran, 77. 43540 La R\u00e0pita (Tarragona)<\/p>\n<\/li>\n<li>\n<p data-path-to-node=\"3,2,3,0\"><b data-path-to-node=\"3,2,3,0\" data-index-in-node=\"0\">Email de contacto:<\/b> pessicspastisseria@gmail.com<\/p>\n<\/li>\n<\/ul>\n<p data-path-to-node=\"3,3\"><b data-path-to-node=\"3,3\" data-index-in-node=\"0\">Objeto:<\/b> Este sitio web tiene por objeto informar sobre los productos de pasteler\u00eda y servicios de Pessics Pastisseria. El acceso al sitio web implica la aceptaci\u00f3n sin reservas de este Aviso Legal.<\/p>\n<\/blockquote>\n<hr data-path-to-node=\"4\" \/>\n<h3 data-path-to-node=\"5\"><\/h3>\n<blockquote data-path-to-node=\"6\">\n<p data-path-to-node=\"6,0\"><b data-path-to-node=\"6,0\" data-index-in-node=\"0\">POL\u00cdTICA DE PRIVACIDAD<\/b><\/p>\n<p data-path-to-node=\"6,1\">De acuerdo con el Reglamento (UE) 2016\/679 (RGPD) y la LOPDGDD 3\/2018, se informa:<\/p>\n<ul data-path-to-node=\"6,2\">\n<li>\n<p data-path-to-node=\"6,2,0,0\"><b data-path-to-node=\"6,2,0,0\" data-index-in-node=\"0\">Responsable:<\/b> LLUNA REVERTE PALANSI.<\/p>\n<\/li>\n<li>\n<p data-path-to-node=\"6,2,1,0\"><b data-path-to-node=\"6,2,1,0\" data-index-in-node=\"0\">Finalidad:<\/b> Gesti\u00f3n de consultas realizadas a trav\u00e9s de la web y env\u00edo de informaci\u00f3n solicitada.<\/p>\n<\/li>\n<li>\n<p data-path-to-node=\"6,2,2,0\"><b data-path-to-node=\"6,2,2,0\" data-index-in-node=\"0\">Legitimaci\u00f3n:<\/b> Consentimiento expreso del interesado.<\/p>\n<\/li>\n<li>\n<p data-path-to-node=\"6,2,3,0\"><b data-path-to-node=\"6,2,3,0\" data-index-in-node=\"0\">Destinatarios:<\/b> No se ceder\u00e1n datos a terceros salvo obligaci\u00f3n legal.<\/p>\n<\/li>\n<li>\n<p data-path-to-node=\"6,2,4,0\"><b data-path-to-node=\"6,2,4,0\" data-index-in-node=\"0\">Derechos:<\/b> Acceso, rectificaci\u00f3n, supresi\u00f3n y otros derechos enviando un correo a pessicspastisseria@gmail.com adjuntando copia de DNI.<\/p>\n<\/li>\n<\/ul>\n<\/blockquote>\n<p>&nbsp;<\/p>\n<hr data-path-to-node=\"7\" \/>\n<h3 data-path-to-node=\"8\"><\/h3>\n<h3 data-path-to-node=\"8\"><\/h3>\n<blockquote data-path-to-node=\"9\">\n<p data-path-to-node=\"9,0\"><b data-path-to-node=\"9,0\" data-index-in-node=\"0\">POL\u00cdTICA DE COOKIES<\/b><\/p>\n<p data-path-to-node=\"9,1\">Este sitio web utiliza cookies propias y de terceros para mejorar la navegaci\u00f3n y realizar an\u00e1lisis estad\u00edsticos.<\/p>\n<ul data-path-to-node=\"9,2\">\n<li>\n<p data-path-to-node=\"9,2,0,0\"><b data-path-to-node=\"9,2,0,0\" data-index-in-node=\"0\">Configuraci\u00f3n:<\/b> El usuario puede aceptar, rechazar o configurar las cookies a trav\u00e9s del panel de control habilitado al inicio de la navegaci\u00f3n.<\/p>\n<\/li>\n<li>\n<p data-path-to-node=\"9,2,1,0\"><b data-path-to-node=\"9,2,1,0\" data-index-in-node=\"0\">Bloqueo:<\/b> No se instalar\u00e1n cookies no t\u00e9cnicas hasta que el usuario preste su consentimiento proactivo.<\/p>\n<\/li>\n<\/ul>\n<\/blockquote>\n<p>[\/et_pb_text][\/et_pb_column][\/et_pb_row][\/et_pb_section][et_pb_section fb_built=&#8221;1&#8243; admin_label=&#8221;Footer&#8221; _builder_version=&#8221;4.27.4&#8243; _module_preset=&#8221;default&#8221; background_color=&#8221;#ACD2D4&#8243; saved_tabs=&#8221;all&#8221; collapsed=&#8221;on&#8221; global_colors_info=&#8221;{}&#8221; global_module=&#8221;86&#8243; theme_builder_area=&#8221;post_content&#8221;][et_pb_row column_structure=&#8221;1_2,1_2&#8243; make_equal=&#8221;on&#8221; _builder_version=&#8221;4.20.0&#8243; _module_preset=&#8221;default&#8221; width=&#8221;90%&#8221; max_width=&#8221;none&#8221; global_colors_info=&#8221;{}&#8221; theme_builder_area=&#8221;post_content&#8221;][et_pb_column type=&#8221;1_2&#8243; _builder_version=&#8221;4.20.0&#8243; _module_preset=&#8221;default&#8221; global_colors_info=&#8221;{}&#8221; theme_builder_area=&#8221;post_content&#8221;][et_pb_text _builder_version=&#8221;4.27.4&#8243; _module_preset=&#8221;4755f25a-e729-48f0-83e3-9dc0b51ec5d1&#8243; global_colors_info=&#8221;{}&#8221; theme_builder_area=&#8221;post_content&#8221;]<\/p>\n<h2>Feli\u00e7 vida!<\/h2>\n<p>[\/et_pb_text][\/et_pb_column][et_pb_column type=&#8221;1_2&#8243; _builder_version=&#8221;4.20.0&#8243; _module_preset=&#8221;default&#8221; global_colors_info=&#8221;{}&#8221; theme_builder_area=&#8221;post_content&#8221;][et_pb_icon font_icon=&#8221;&#x22;||divi||400&#8243; url=&#8221;#&#8221; align=&#8221;left&#8221; _builder_version=&#8221;4.20.0&#8243; _module_preset=&#8221;ffd04f6c-7b1e-4f4d-a007-5fa1d298c7f8&#8243; positioning=&#8221;absolute&#8221; position_origin_a=&#8221;bottom_left&#8221; position_origin_a_tablet=&#8221;&#8221; position_origin_a_phone=&#8221;&#8221; position_origin_a_last_edited=&#8221;on|tablet&#8221; position_origin_f_tablet=&#8221;&#8221; position_origin_f_phone=&#8221;&#8221; position_origin_f_last_edited=&#8221;on|tablet&#8221; position_origin_r_tablet=&#8221;&#8221; position_origin_r_phone=&#8221;&#8221; position_origin_r_last_edited=&#8221;on|tablet&#8221; custom_margin_last_edited=&#8221;off|desktop&#8221; positioning_tablet=&#8221;none&#8221; positioning_phone=&#8221;&#8221; positioning_last_edited=&#8221;on|tablet&#8221; global_colors_info=&#8221;{}&#8221; custom_margin__hover_enabled=&#8221;on|hover&#8221; custom_margin__hover=&#8221;||-10px||false|false&#8221; theme_builder_area=&#8221;post_content&#8221;][\/et_pb_icon][\/et_pb_column][\/et_pb_row][et_pb_row column_structure=&#8221;1_2,1_2&#8243; make_equal=&#8221;on&#8221; _builder_version=&#8221;4.20.0&#8243; _module_preset=&#8221;default&#8221; width=&#8221;90%&#8221; max_width=&#8221;none&#8221; global_colors_info=&#8221;{}&#8221; theme_builder_area=&#8221;post_content&#8221;][et_pb_column type=&#8221;1_2&#8243; _builder_version=&#8221;4.20.0&#8243; _module_preset=&#8221;default&#8221; global_colors_info=&#8221;{}&#8221; theme_builder_area=&#8221;post_content&#8221;][et_pb_text _builder_version=&#8221;4.27.4&#8243; _module_preset=&#8221;5a1ee942-82af-4010-93ee-267164c712c9&#8243; global_colors_info=&#8221;{}&#8221; theme_builder_area=&#8221;post_content&#8221;]<\/p>\n<h3>Av Doctor Ferran, 77<span class=\"Apple-converted-space\"><br \/><\/span>43540 La R\u00e0pita, Tarragona<span class=\"Apple-converted-space\">\u00a0<\/span><\/h3>\n<p><span class=\"Apple-converted-space\">\u00a0<\/span><\/p>\n<p>[\/et_pb_text][et_pb_text _builder_version=&#8221;4.27.4&#8243; _module_preset=&#8221;5a1ee942-82af-4010-93ee-267164c712c9&#8243; global_colors_info=&#8221;{}&#8221; theme_builder_area=&#8221;post_content&#8221;]<\/p>\n<h3>(+34)623 042 398<span class=\"Apple-converted-space\">\u00a0<\/span><\/h3>\n<p>[\/et_pb_text][\/et_pb_column][et_pb_column type=&#8221;1_2&#8243; _builder_version=&#8221;4.20.0&#8243; _module_preset=&#8221;default&#8221; global_colors_info=&#8221;{}&#8221; theme_builder_area=&#8221;post_content&#8221;][et_pb_button button_url=&#8221;https:\/\/pessicspastisseria.com\/legal\/&#8221; button_text=&#8221;Av\u00eds legal &#038; Privacitat&#8221; _builder_version=&#8221;4.27.4&#8243; _module_preset=&#8221;ca138393-ef60-4fb3-a1a5-1638ba297ebe&#8221; button_border_width=&#8221;0px&#8221; positioning=&#8221;absolute&#8221; position_origin_a=&#8221;bottom_right&#8221; position_origin_a_tablet=&#8221;&#8221; position_origin_a_phone=&#8221;&#8221; position_origin_a_last_edited=&#8221;on|tablet&#8221; position_origin_f_tablet=&#8221;&#8221; position_origin_f_phone=&#8221;&#8221; position_origin_f_last_edited=&#8221;on|tablet&#8221; position_origin_r_tablet=&#8221;&#8221; position_origin_r_phone=&#8221;&#8221; position_origin_r_last_edited=&#8221;on|tablet&#8221; positioning_tablet=&#8221;none&#8221; positioning_phone=&#8221;&#8221; positioning_last_edited=&#8221;on|tablet&#8221; global_colors_info=&#8221;{}&#8221; theme_builder_area=&#8221;post_content&#8221;][\/et_pb_button][et_pb_button button_text=&#8221;Declaraci\u00f3 d&#8217;Accesibilitat&#8221; _builder_version=&#8221;4.27.4&#8243; _module_preset=&#8221;ca138393-ef60-4fb3-a1a5-1638ba297ebe&#8221; button_border_width=&#8221;0px&#8221; positioning=&#8221;absolute&#8221; position_origin_a=&#8221;bottom_right&#8221; position_origin_a_tablet=&#8221;&#8221; position_origin_a_phone=&#8221;&#8221; position_origin_a_last_edited=&#8221;on|tablet&#8221; position_origin_f_tablet=&#8221;&#8221; position_origin_f_phone=&#8221;&#8221; position_origin_f_last_edited=&#8221;on|tablet&#8221; position_origin_r_tablet=&#8221;&#8221; position_origin_r_phone=&#8221;&#8221; position_origin_r_last_edited=&#8221;on|tablet&#8221; positioning_tablet=&#8221;none&#8221; positioning_phone=&#8221;&#8221; positioning_last_edited=&#8221;on|tablet&#8221; global_colors_info=&#8221;{}&#8221; theme_builder_area=&#8221;post_content&#8221;][\/et_pb_button][\/et_pb_column][\/et_pb_row][et_pb_row custom_padding_last_edited=&#8221;on|desktop&#8221; _builder_version=&#8221;4.27.4&#8243; _module_preset=&#8221;default&#8221; background_color=&#8221;#ffffff&#8221; width=&#8221;50%&#8221; width_tablet=&#8221;&#8221; width_phone=&#8221;80%&#8221; width_last_edited=&#8221;on|phone&#8221; custom_margin=&#8221;0px||||false|false&#8221; custom_padding=&#8221;15px|15px|15px|15px|true|true&#8221; custom_padding_tablet=&#8221;&#8221; custom_padding_phone=&#8221;&#8221; global_colors_info=&#8221;{}&#8221; theme_builder_area=&#8221;post_content&#8221;][et_pb_column type=&#8221;4_4&#8243; _builder_version=&#8221;4.27.4&#8243; _module_preset=&#8221;default&#8221; global_colors_info=&#8221;{}&#8221; theme_builder_area=&#8221;post_content&#8221;][et_pb_image src=&#8221;http:\/\/pessicspastisseria.com\/wp-content\/uploads\/2025\/05\/CONBANDERA_KITDIGITAL-2-scaled.png&#8221; title_text=&#8221;CONBANDERA_KITDIGITAL-2&#8243; _builder_version=&#8221;4.27.4&#8243; _module_preset=&#8221;default&#8221; background_color=&#8221;#ffffff&#8221; global_colors_info=&#8221;{}&#8221; theme_builder_area=&#8221;post_content&#8221;][\/et_pb_image][\/et_pb_column][\/et_pb_row][\/et_pb_section]<\/p>\n","protected":false},"excerpt":{"rendered":"<p>AVISO LEGAL En cumplimiento con el deber de informaci\u00f3n dispuesto en la Ley 34\/2002 de Servicios de la Sociedad de la Informaci\u00f3n y el Comercio Electr\u00f3nico (LSSI-CE), se facilitan los siguientes datos de informaci\u00f3n general de este sitio web: Titular: LLUNA REVERTE PALANSI NIF: 47855766B Domicilio: Av. del Dr. Ferran, 77. 43540 La R\u00e0pita (Tarragona) [&hellip;]<\/p>\n","protected":false},"author":1,"featured_media":0,"parent":0,"menu_order":0,"comment_status":"closed","ping_status":"closed","template":"","meta":{"_et_pb_use_builder":"on","_et_pb_old_content":"","_et_gb_content_width":"","footnotes":""},"class_list":["post-182","page","type-page","status-publish","hentry"],"_links":{"self":[{"href":"https:\/\/pessicspastisseria.com\/es\/wp-json\/wp\/v2\/pages\/182","targetHints":{"allow":["GET"]}}],"collection":[{"href":"https:\/\/pessicspastisseria.com\/es\/wp-json\/wp\/v2\/pages"}],"about":[{"href":"https:\/\/pessicspastisseria.com\/es\/wp-json\/wp\/v2\/types\/page"}],"author":[{"embeddable":true,"href":"https:\/\/pessicspastisseria.com\/es\/wp-json\/wp\/v2\/users\/1"}],"replies":[{"embeddable":true,"href":"https:\/\/pessicspastisseria.com\/es\/wp-json\/wp\/v2\/comments?post=182"}],"version-history":[{"count":4,"href":"https:\/\/pessicspastisseria.com\/es\/wp-json\/wp\/v2\/pages\/182\/revisions"}],"predecessor-version":[{"id":198,"href":"https:\/\/pessicspastisseria.com\/es\/wp-json\/wp\/v2\/pages\/182\/revisions\/198"}],"wp:attachment":[{"href":"https:\/\/pessicspastisseria.com\/es\/wp-json\/wp\/v2\/media?parent=182"}],"curies":[{"name":"wp","href":"https:\/\/api.w.org\/{rel}","templated":true}]}}